{"id":304,"date":"2023-06-23T09:51:04","date_gmt":"2023-06-23T08:51:04","guid":{"rendered":"https:\/\/eurospedco.me\/?page_id=304"},"modified":"2023-06-23T09:58:06","modified_gmt":"2023-06-23T08:58:06","slug":"usluge","status":"publish","type":"page","link":"https:\/\/eurospedco.me\/index.php\/usluge\/","title":{"rendered":"Usluge"},"content":{"rendered":"\t\t<div data-elementor-type=\"wp-page\" data-elementor-id=\"304\" class=\"elementor elementor-304\">\n\t\t\t\t\t\t\t\t\t<section class=\"elementor-section elementor-top-section elementor-element elementor-element-15e542d2 elementor-section-content-middle elementor-section-full_width elementor-section-stretched elementor-section-height-default elementor-section-height-default\" data-id=\"15e542d2\" data-element_type=\"section\" data-settings=\"{&quot;stretch_section&quot;:&quot;section-stretched&quot;}\">\n\t\t\t\t\t\t<div class=\"elementor-container elementor-column-gap-no\">\n\t\t\t\t\t<div class=\"elementor-column elementor-col-50 elementor-top-column elementor-element elementor-element-7768da0b\" data-id=\"7768da0b\" data-element_type=\"column\">\n\t\t\t<div class=\"elementor-widget-wrap elementor-element-populated\">\n\t\t\t\t\t\t\t\t<div class=\"elementor-element elementor-element-67e5061e elementor-widget elementor-widget-image\" data-id=\"67e5061e\" data-element_type=\"widget\" data-widget_type=\"image.default\">\n\t\t\t\t<div class=\"elementor-widget-container\">\n\t\t\t<style>\/*! elementor - v3.13.1 - 09-05-2023 *\/\n.elementor-widget-image{text-align:center}.elementor-widget-image a{display:inline-block}.elementor-widget-image a img[src$=\".svg\"]{width:48px}.elementor-widget-image img{vertical-align:middle;display:inline-block}<\/style>\t\t\t\t\t\t\t\t\t\t\t\t<img decoding=\"async\" width=\"2560\" height=\"1670\" src=\"https:\/\/eurospedco.me\/wp-content\/uploads\/2023\/06\/warehouse-worker-are-working-warehouse-store-with-inventory-shipment-scaled.jpg\" class=\"attachment-full size-full wp-image-308\" alt=\"\" loading=\"lazy\" srcset=\"https:\/\/eurospedco.me\/wp-content\/uploads\/2023\/06\/warehouse-worker-are-working-warehouse-store-with-inventory-shipment-scaled.jpg 2560w, https:\/\/eurospedco.me\/wp-content\/uploads\/2023\/06\/warehouse-worker-are-working-warehouse-store-with-inventory-shipment-300x196.jpg 300w, https:\/\/eurospedco.me\/wp-content\/uploads\/2023\/06\/warehouse-worker-are-working-warehouse-store-with-inventory-shipment-1024x668.jpg 1024w, https:\/\/eurospedco.me\/wp-content\/uploads\/2023\/06\/warehouse-worker-are-working-warehouse-store-with-inventory-shipment-768x501.jpg 768w, https:\/\/eurospedco.me\/wp-content\/uploads\/2023\/06\/warehouse-worker-are-working-warehouse-store-with-inventory-shipment-1536x1002.jpg 1536w, https:\/\/eurospedco.me\/wp-content\/uploads\/2023\/06\/warehouse-worker-are-working-warehouse-store-with-inventory-shipment-2048x1336.jpg 2048w\" sizes=\"(max-width: 2560px) 100vw, 2560px\" \/>\t\t\t\t\t\t\t\t\t\t\t\t\t\t\t<\/div>\n\t\t\t\t<\/div>\n\t\t\t\t\t<\/div>\n\t\t<\/div>\n\t\t\t\t<div class=\"elementor-column elementor-col-50 elementor-top-column elementor-element elementor-element-44c9c4da\" data-id=\"44c9c4da\" data-element_type=\"column\">\n\t\t\t<div class=\"elementor-widget-wrap elementor-element-populated\">\n\t\t\t\t\t\t\t\t<div class=\"elementor-element elementor-element-3c27c802 elementor-widget elementor-widget-heading\" data-id=\"3c27c802\" data-element_type=\"widget\" data-widget_type=\"heading.default\">\n\t\t\t\t<div class=\"elementor-widget-container\">\n\t\t\t<style>\/*! elementor - v3.13.1 - 09-05-2023 *\/\n.elementor-heading-title{padding:0;margin:0;line-height:1}.elementor-widget-heading .elementor-heading-title[class*=elementor-size-]>a{color:inherit;font-size:inherit;line-height:inherit}.elementor-widget-heading .elementor-heading-title.elementor-size-small{font-size:15px}.elementor-widget-heading .elementor-heading-title.elementor-size-medium{font-size:19px}.elementor-widget-heading .elementor-heading-title.elementor-size-large{font-size:29px}.elementor-widget-heading .elementor-heading-title.elementor-size-xl{font-size:39px}.elementor-widget-heading .elementor-heading-title.elementor-size-xxl{font-size:59px}<\/style><h4 class=\"elementor-heading-title elementor-size-default\">Carinsko zastupanje<\/h4>\t\t<\/div>\n\t\t\t\t<\/div>\n\t\t\t\t<div class=\"elementor-element elementor-element-64037162 elementor-widget elementor-widget-text-editor\" data-id=\"64037162\" data-element_type=\"widget\" data-widget_type=\"text-editor.default\">\n\t\t\t\t<div class=\"elementor-widget-container\">\n\t\t\t<style>\/*! elementor - v3.13.1 - 09-05-2023 *\/\n.elementor-widget-text-editor.elementor-drop-cap-view-stacked .elementor-drop-cap{background-color:#69727d;color:#fff}.elementor-widget-text-editor.elementor-drop-cap-view-framed .elementor-drop-cap{color:#69727d;border:3px solid;background-color:transparent}.elementor-widget-text-editor:not(.elementor-drop-cap-view-default) .elementor-drop-cap{margin-top:8px}.elementor-widget-text-editor:not(.elementor-drop-cap-view-default) .elementor-drop-cap-letter{width:1em;height:1em}.elementor-widget-text-editor .elementor-drop-cap{float:left;text-align:center;line-height:1;font-size:50px}.elementor-widget-text-editor .elementor-drop-cap-letter{display:inline-block}<\/style>\t\t\t\t<p>Carinsko zastupanje je jedan od osnovnih segmenata na\u0161eg poslovanja. Nudimo klijentima profesionalnu uslugu i brigu o svim va\u0161im potrebama i zahtjevima vezanim za carinski postupak. Imamo bogato iskustvo u carinskom zastupanju i poznavanje zakonskih propisa, te vam mo\u017eemo pomo\u0107i da uspje\u0161no pro\u0111ete kroz proces carinjenja robe.<\/p><p>Na\u0161 tim stru\u010dnjaka za carinsko zastupanje vam pru\u017ea sve potrebne informacije i savjete vezane za carinski postupak. Osim toga, na\u0161a firma nudi usluge u vezi grani\u010dnih formalnosti, uklju\u010duju\u0107i pripremu svih potrebnih dokumenata i izvr\u0161enje svih potrebnih inspekcija. Na\u0161i agenti su spremni da vas upute u carinski postupak u svakom trenutku, tako da mo\u017eete biti sigurni da \u0107e va\u0161a roba pro\u0107i bez problema.<\/p><p>EUROSPED Co vam tako\u0111er pru\u017ea usluge carinjenja robe. Ukoliko je va\u0161a roba odre\u0111ena za carinjenje, mi smo tu da vam pomognemo. Na\u0161i stru\u010dnjaci \u0107e vam pomo\u0107i da ispunite sve potrebne formalnosti i dokumentaciju, te \u0107e se pobrinuti da va\u0161a roba bude obra\u0111ena u skladu sa svim va\u017ee\u0107im propisima.<\/p><p>Na\u0161 cilj je da osiguramo da va\u0161a roba bude carinjena brzo i bez problema. Na\u0161a firma je specijalizovana za pru\u017eanje usluga carinskog zastupanja i grani\u010dnih usluga, i mo\u017eete biti sigurni da \u0107e va\u0161a roba biti obra\u0111ena na najbolji mogu\u0107i na\u010din.<\/p><p>Hvala vam \u0161to ste posjetili na\u0161u web stranicu. Ako \u017eelite saznati vi\u0161e o na\u0161im uslugama carinskog zastupanja i grani\u010dnih usluga, slobodno nas kontaktirajte. Na\u0161i stru\u010dnjaci su spremni da vam pomognu u svakom trenutku<\/p>\t\t\t\t\t\t<\/div>\n\t\t\t\t<\/div>\n\t\t\t\t\t<\/div>\n\t\t<\/div>\n\t\t\t\t\t\t\t<\/div>\n\t\t<\/section>\n\t\t\t\t<section class=\"elementor-section elementor-top-section elementor-element elementor-element-40d49408 elementor-section-content-middle elementor-section-full_width elementor-section-stretched elementor-section-height-default elementor-section-height-default\" data-id=\"40d49408\" data-element_type=\"section\" data-settings=\"{&quot;stretch_section&quot;:&quot;section-stretched&quot;}\">\n\t\t\t\t\t\t<div class=\"elementor-container elementor-column-gap-no\">\n\t\t\t\t\t<div class=\"elementor-column elementor-col-50 elementor-top-column elementor-element elementor-element-30c74c2e\" data-id=\"30c74c2e\" data-element_type=\"column\">\n\t\t\t<div class=\"elementor-widget-wrap elementor-element-populated\">\n\t\t\t\t\t\t\t\t<div class=\"elementor-element elementor-element-44ac4d32 elementor-widget elementor-widget-heading\" data-id=\"44ac4d32\" data-element_type=\"widget\" data-widget_type=\"heading.default\">\n\t\t\t\t<div class=\"elementor-widget-container\">\n\t\t\t<h4 class=\"elementor-heading-title elementor-size-default\">Transport<\/h4>\t\t<\/div>\n\t\t\t\t<\/div>\n\t\t\t\t<div class=\"elementor-element elementor-element-2471d8e3 elementor-widget elementor-widget-text-editor\" data-id=\"2471d8e3\" data-element_type=\"widget\" data-widget_type=\"text-editor.default\">\n\t\t\t\t<div class=\"elementor-widget-container\">\n\t\t\t\t\t\t\t<p>Unutra\u0161nji drumski transport:<\/p><p>Na\u0161a kompanija nudi \u0161irok spektar usluga unutra\u0161njeg drumskog transporta, bilo da se radi o manjim koli\u010dinama robe ili o transportu velikih tereta. Imamo modernu i dobro odr\u017eavanu flotu vozila koja je opremljena GPS tehnologijom za pra\u0107enje kretanja vozila i transporta robe. Na\u0161 tim stru\u010dnjaka za logistiku i transport mo\u017ee organizovati transport robe na najbolji mogu\u0107i na\u010din, uzimaju\u0107i u obzir va\u0161e potrebe i zahtjeve. Tako\u0111e, vr\u0161imo i pra\u0107enje robe tokom transporta, kako bismo osigurali da va\u0161a roba stigne na odredi\u0161te u predvi\u0111enom roku i u ispravnom stanju.<\/p><p>Me\u0111unarodni drumski transport:<\/p><p>EUROSPED Co ima iskustvo i stru\u010dnost u organizaciji i realizaciji me\u0111unarodnog drumskog transporta robe u Evropi. Opremljeni smo sa modernim vozilima koja su u skladu sa najnovijim evropskim standardima za transport, kao i sa kvalifikovanim voza\u010dima koji su obu\u010deni za vo\u017enju u me\u0111unarodnom saobra\u0107aju. Na\u0161a usluga uklju\u010duje organizaciju transporta, carinske procedure i pra\u0107enje robe tokom transporta. Pru\u017eamo vam potpunu uslugu, koja \u0107e va\u0161u robu sigurno transportovati do odredi\u0161ta u skladu sa va\u0161im zahtjevima i o\u010dekivanjima.<\/p><p>Kada radite sa EUROSPED Co, mo\u017eete biti sigurni da \u0107ete dobiti najbolju uslugu u oblasti drumskog transporta robe. Na\u0161 tim posve\u0107enih stru\u010dnjaka za logistiku i transport stoji vam na raspolaganju, kako bismo zajedno prona\u0161li najbolje rje\u0161enje za va\u0161e potrebe u transportu robe. Kontaktirajte nas danas i saznajte vi\u0161e o na\u0161im uslugama.<\/p>\t\t\t\t\t\t<\/div>\n\t\t\t\t<\/div>\n\t\t\t\t\t<\/div>\n\t\t<\/div>\n\t\t\t\t<div class=\"elementor-column elementor-col-50 elementor-top-column elementor-element elementor-element-4f90376f\" data-id=\"4f90376f\" data-element_type=\"column\">\n\t\t\t<div class=\"elementor-widget-wrap elementor-element-populated\">\n\t\t\t\t\t\t\t\t<div class=\"elementor-element elementor-element-3bd6e3a elementor-widget elementor-widget-image\" data-id=\"3bd6e3a\" data-element_type=\"widget\" data-widget_type=\"image.default\">\n\t\t\t\t<div class=\"elementor-widget-container\">\n\t\t\t\t\t\t\t\t\t\t\t\t\t\t\t<img decoding=\"async\" width=\"1024\" height=\"683\" src=\"https:\/\/eurospedco.me\/wp-content\/uploads\/2023\/05\/traffic-highway-1024x683.jpg\" class=\"attachment-large size-large wp-image-208\" alt=\"\" loading=\"lazy\" srcset=\"https:\/\/eurospedco.me\/wp-content\/uploads\/2023\/05\/traffic-highway-1024x683.jpg 1024w, https:\/\/eurospedco.me\/wp-content\/uploads\/2023\/05\/traffic-highway-300x200.jpg 300w, https:\/\/eurospedco.me\/wp-content\/uploads\/2023\/05\/traffic-highway-768x512.jpg 768w, https:\/\/eurospedco.me\/wp-content\/uploads\/2023\/05\/traffic-highway-1536x1024.jpg 1536w, https:\/\/eurospedco.me\/wp-content\/uploads\/2023\/05\/traffic-highway-2048x1365.jpg 2048w\" sizes=\"(max-width: 1024px) 100vw, 1024px\" \/>\t\t\t\t\t\t\t\t\t\t\t\t\t\t\t<\/div>\n\t\t\t\t<\/div>\n\t\t\t\t\t<\/div>\n\t\t<\/div>\n\t\t\t\t\t\t\t<\/div>\n\t\t<\/section>\n\t\t\t\t<section class=\"elementor-section elementor-top-section elementor-element elementor-element-690f1971 elementor-section-content-middle elementor-section-full_width elementor-section-stretched elementor-section-height-default elementor-section-height-default\" data-id=\"690f1971\" data-element_type=\"section\" data-settings=\"{&quot;stretch_section&quot;:&quot;section-stretched&quot;}\">\n\t\t\t\t\t\t<div class=\"elementor-container elementor-column-gap-no\">\n\t\t\t\t\t<div class=\"elementor-column elementor-col-50 elementor-top-column elementor-element elementor-element-552851ab\" data-id=\"552851ab\" data-element_type=\"column\">\n\t\t\t<div class=\"elementor-widget-wrap elementor-element-populated\">\n\t\t\t\t\t\t\t\t<div class=\"elementor-element elementor-element-7d8d41f5 elementor-widget elementor-widget-image\" data-id=\"7d8d41f5\" data-element_type=\"widget\" data-widget_type=\"image.default\">\n\t\t\t\t<div class=\"elementor-widget-container\">\n\t\t\t\t\t\t\t\t\t\t\t\t\t\t\t<img decoding=\"async\" width=\"2560\" height=\"1303\" src=\"https:\/\/eurospedco.me\/wp-content\/uploads\/2023\/05\/rows-shelves-with-boxes-modern-warehouse-scaled.jpg\" class=\"attachment-full size-full wp-image-231\" alt=\"\" loading=\"lazy\" srcset=\"https:\/\/eurospedco.me\/wp-content\/uploads\/2023\/05\/rows-shelves-with-boxes-modern-warehouse-scaled.jpg 2560w, https:\/\/eurospedco.me\/wp-content\/uploads\/2023\/05\/rows-shelves-with-boxes-modern-warehouse-300x153.jpg 300w, https:\/\/eurospedco.me\/wp-content\/uploads\/2023\/05\/rows-shelves-with-boxes-modern-warehouse-1024x521.jpg 1024w, https:\/\/eurospedco.me\/wp-content\/uploads\/2023\/05\/rows-shelves-with-boxes-modern-warehouse-768x391.jpg 768w, https:\/\/eurospedco.me\/wp-content\/uploads\/2023\/05\/rows-shelves-with-boxes-modern-warehouse-1536x782.jpg 1536w, https:\/\/eurospedco.me\/wp-content\/uploads\/2023\/05\/rows-shelves-with-boxes-modern-warehouse-2048x1043.jpg 2048w\" sizes=\"(max-width: 2560px) 100vw, 2560px\" \/>\t\t\t\t\t\t\t\t\t\t\t\t\t\t\t<\/div>\n\t\t\t\t<\/div>\n\t\t\t\t\t<\/div>\n\t\t<\/div>\n\t\t\t\t<div class=\"elementor-column elementor-col-50 elementor-top-column elementor-element elementor-element-18b5b3bb\" data-id=\"18b5b3bb\" data-element_type=\"column\">\n\t\t\t<div class=\"elementor-widget-wrap elementor-element-populated\">\n\t\t\t\t\t\t\t\t<div class=\"elementor-element elementor-element-32767b24 elementor-widget elementor-widget-heading\" data-id=\"32767b24\" data-element_type=\"widget\" data-widget_type=\"heading.default\">\n\t\t\t\t<div class=\"elementor-widget-container\">\n\t\t\t<h4 class=\"elementor-heading-title elementor-size-default\">Skladi\u0161tenje robe<\/h4>\t\t<\/div>\n\t\t\t\t<\/div>\n\t\t\t\t<div class=\"elementor-element elementor-element-3e5f07d8 elementor-widget elementor-widget-text-editor\" data-id=\"3e5f07d8\" data-element_type=\"widget\" data-widget_type=\"text-editor.default\">\n\t\t\t\t<div class=\"elementor-widget-container\">\n\t\t\t\t\t\t\t<p>Kao pouzdan partner u svijetu logistike, nudimo vrhunsku uslugu skladi\u0161tenja robe koja \u0107e va\u0161u poslovnu operaciju u\u010diniti jo\u0161 uspje\u0161nijom. Na\u0161 tim stru\u010dnjaka osigurat \u0107e da va\u0161a roba bude sigurna i dobro organizirana u na\u0161im modernim i dobro opremljenim skladi\u0161tima.<\/p><p>Skladi\u0161tenje je jedan od najva\u017enijih dijelova va\u0161eg poslovanja i mi smo ovdje da vam pomognemo u svakom koraku. Na\u0161e skladi\u0161ne prostorije su namijenjene za skladi\u0161tenje svih vrsta roba, od manjih paleta do velikih industrijskih strojeva.<\/p><p>Na\u0161a usluga skladi\u0161tenja uklju\u010duje pra\u0107enje i upravljanje inventarom kako biste uvijek bili up-to-date s koli\u010dinama va\u0161e robe. Tako\u0111er, mo\u017eemo organizirati brzo i sigurno dostavljanje va\u0161e robe, kada god je to potrebno.<\/p><p>Uz to, na\u0161a moderna tehnologija omogu\u0107uje nam brzu i jednostavnu obradu va\u0161e robe, od njezinog prijema pa sve do dostave. Na\u0161i stru\u010dnjaci \u0107e uvijek osigurati da se va\u0161a roba skladi\u0161ti u odgovaraju\u0107im uvjetima, kako bi se sa\u010duvala njezina kvaliteta i sigurnost.<\/p><p>Nudimo fleksibilnost u cijenama i kapacitetima skladi\u0161ta, kao i usluge koje su prilago\u0111ene va\u0161im specifi\u010dnim potrebama. Sa EUROSPED Co, mo\u017eete biti sigurni da va\u0161a roba je u dobrim rukama.<\/p><p>Kontaktirajte nas danas kako biste saznali vi\u0161e o na\u0161oj usluzi skladi\u0161tenja robe. Na\u0161 tim stru\u010dnjaka \u0107e vam pru\u017eiti sve informacije koje vam trebaju kako biste donijeli najbolju odluku za va\u0161e poslovanje.<\/p>\t\t\t\t\t\t<\/div>\n\t\t\t\t<\/div>\n\t\t\t\t\t<\/div>\n\t\t<\/div>\n\t\t\t\t\t\t\t<\/div>\n\t\t<\/section>\n\t\t\t\t\t\t\t<\/div>\n\t\t","protected":false},"excerpt":{"rendered":"<p>Carinsko zastupanje Carinsko zastupanje je jedan od osnovnih segmenata na\u0161eg poslovanja. Nudimo klijentima profesionalnu uslugu i brigu o svim va\u0161im potrebama i zahtjevima vezanim za carinski postupak. Imamo bogato iskustvo u carinskom zastupanju i poznavanje zakonskih propisa, te vam mo\u017eemo pomo\u0107i da uspje\u0161no pro\u0111ete kroz proces carinjenja robe. Na\u0161 tim stru\u010dnjaka za carinsko zastupanje vam&hellip;<\/p>\n","protected":false},"author":1,"featured_media":0,"parent":0,"menu_order":0,"comment_status":"closed","ping_status":"closed","template":"","meta":[],"aioseo_notices":[],"_links":{"self":[{"href":"https:\/\/eurospedco.me\/index.php\/wp-json\/wp\/v2\/pages\/304"}],"collection":[{"href":"https:\/\/eurospedco.me\/index.php\/wp-json\/wp\/v2\/pages"}],"about":[{"href":"https:\/\/eurospedco.me\/index.php\/wp-json\/wp\/v2\/types\/page"}],"author":[{"embeddable":true,"href":"https:\/\/eurospedco.me\/index.php\/wp-json\/wp\/v2\/users\/1"}],"replies":[{"embeddable":true,"href":"https:\/\/eurospedco.me\/index.php\/wp-json\/wp\/v2\/comments?post=304"}],"version-history":[{"count":5,"href":"https:\/\/eurospedco.me\/index.php\/wp-json\/wp\/v2\/pages\/304\/revisions"}],"predecessor-version":[{"id":312,"href":"https:\/\/eurospedco.me\/index.php\/wp-json\/wp\/v2\/pages\/304\/revisions\/312"}],"wp:attachment":[{"href":"https:\/\/eurospedco.me\/index.php\/wp-json\/wp\/v2\/media?parent=304"}],"curies":[{"name":"wp","href":"https:\/\/api.w.org\/{rel}","templated":true}]}}